{"id":1587,"date":"2018-02-28T00:09:16","date_gmt":"2018-02-28T00:09:16","guid":{"rendered":"https:\/\/aquileoparra.com\/pacho\/?page_id=1587"},"modified":"2024-03-05T16:35:30","modified_gmt":"2024-03-05T16:35:30","slug":"personeria","status":"publish","type":"page","link":"https:\/\/aquileoparra.com\/pacho\/personeria\/","title":{"rendered":"Personer\u00eda"},"content":{"rendered":"<h1 style=\"text-align: center;\"><em><strong>PERSONERO ESTUDIANTIL<\/strong><\/em><\/h1>\n<p style=\"text-align: center;\"><a href=\"https:\/\/aquileoparra.com\/pacho\/wp-content\/uploads\/2024\/03\/MARTIN.jpeg\"><img loading=\"lazy\" decoding=\"async\" class=\"aligncenter size-full wp-image-3914\" src=\"https:\/\/aquileoparra.com\/pacho\/wp-content\/uploads\/2024\/03\/MARTIN.jpeg\" alt=\"\" width=\"170\" height=\"177\" \/>DAVID SANTIAGO MARTIN GOMEZ<\/a><\/p>\n<hr \/>\n<p>Art\u00edculo 33\u00ba El Personero(a) de los Estudiantes. (Ley 115 de 1994, Art\u00edculo 94 y Decreto 1860 de 1994,<br \/>\nArt\u00edculo 28) Ser\u00e1 el estudiante l\u00edder encargado de promover el ejercicio de los derechos y responsabilidades de sus deberes con tal de conseguir un alto desarrollo personal (Consagrados en la constituci\u00f3n pol\u00edtica, las leyes, los reglamentos y el presente Manual de Convivencia.)<br \/>\nEl personero (a) ser\u00e1 un estudiante de grado 11\u00ba, elegido durante los treinta y cinco (35) primeros d\u00edas del calendario siguientes a la iniciaci\u00f3n de clases. Para el efecto el Rector convocar\u00e1 a todos los estudiantesmatriculados a fin de elegirlo por el sistema de mayor\u00eda simple y voto secreto, previa campa\u00f1a, inscripci\u00f3n deprograma y gu\u00eda del comit\u00e9 de elecci\u00f3n y del registrador electoral.<br \/>\nTendr\u00e1 habilidades de:<\/p>\n<ul>\n<li>Expresar sus ideas renovadoras y participar en el ejercicio de la democracia.<br \/>\n\u00b7 Confiar en el adulto, aprender de \u00e9l, pero tambi\u00e9n negociar con \u00e9l para buscar el bienestar colectivo.<br \/>\n\u00b7 Asumir posiciones y mostrar actitudes reflexivas en pro del mejoramiento educativo.<br \/>\n\u00b7 El personero(a) es el l\u00edder de la coexistencia juvenil.<br \/>\nArt\u00edculo 34\u00ba Requisitos para ser Personero(a) de los Estudiantes:<br \/>\n\u00b7 Es un estudiante de grado once quien debe tener como m\u00ednimo dos a\u00f1os de permanencia en la I.E.D. Aquileo Parra, para que conozca la realidad escolar y de la comunidad educativa.<br \/>\n\u00b7 Haberse destacado por su buen rendimiento acad\u00e9mico y por su excelente comportamiento<br \/>\ndisciplinario.<br \/>\n\u00b7 No haber tenido compromiso definitivo en el a\u00f1o inmediatamente anterior.<br \/>\n\u00b7 Destacarse por su sentido de pertenencia y pertinencia a la I.E.D. Aquileo Parra y su capacidad de<br \/>\nliderazgo.<br \/>\n\u00b7 Presentar una propuesta de trabajo acorde a sus funciones y necesidades de la comunidad educativa.<br \/>\n<strong>Art\u00edculo 35\u00ba<\/strong> Funciones del Personero(a) (Decreto 1860 de 1994, Art\u00edculo 28).<br \/>\n1. Promover el cumplimiento de los derechos y deberes de los estudiantes, para lo cual podr\u00e1 utilizar los medios de comunicaci\u00f3n interna del establecimiento, pedir colaboraci\u00f3n del Consejo de Estudiantes, organizar foros y otras formas de deliberaci\u00f3n, para evidenciar el ejercicio de los derechos y el cumplimiento de los deberes estudiantiles.<br \/>\n2. Gestionar ante la Rector\u00eda y los diferentes Consejos administrativos de la instituci\u00f3n, los<br \/>\nprocedimientos seguir para proteger los derechos de los estudiantes y facilitar el cumplimiento de sus deberes.<br \/>\n3. Cuando lo considere necesario apelar ante el Consejo Directivo o el organismo competente, las<br \/>\ndecisiones de la Rector\u00eda respecto a las peticiones presentadas por su intermedio y que no hayan<br \/>\ntenido atenci\u00f3n.<br \/>\n4. Recibir y evaluar las quejas y reclamos que presenten los estudiantes sobre lesiones a sus derechos y las que formule cualquier persona de la comunidad sobre el incumplimiento de las obligaciones de los estudiantes.<br \/>\n5. Sugerir a Coordinaci\u00f3n, a Rector\u00eda y al Consejo Directivo, actividades que redunden en el<br \/>\nmejoramiento de la I.E.D. Aquileo Parra.<br \/>\n6. Rendir informes al Consejo Estudiantil y el Consejo Directivo en los aspectos negativos y positivos que merezcan tenerse en cuenta en la formaci\u00f3n de la comunidad.<br \/>\n7. Presentar ante el Rector un plan y cronograma de actividades a desarrollar dos semanas despu\u00e9s de su elecci\u00f3n.<br \/>\nPar\u00e1grafo 1. El incumplimiento de los deberes como personero acarrear\u00e1 el debido proceso, suspensi\u00f3n del cargo y aplicabilidad de las normas y amonestaciones como a un estudiante Aquile\u00edsta, ante lo cual se elegir\u00e1 un nuevo personero(a) como lo estipula la ley.<\/li>\n<\/ul>\n<h1><\/h1>\n<h1><\/h1>\n<h1 style=\"text-align: center;\"><strong>EXPERSONEROS\u00a0<\/strong><\/h1>\n<h1 style=\"text-align: center;\"><\/h1>\n<h4 style=\"text-align: center;\"><a href=\"https:\/\/aquileoparra.com\/pacho\/wp-content\/uploads\/2023\/03\/PERSONERO.png\"><img loading=\"lazy\" decoding=\"async\" class=\"aligncenter wp-image-3359\" src=\"https:\/\/aquileoparra.com\/pacho\/wp-content\/uploads\/2023\/03\/PERSONERO.png\" alt=\"\" width=\"156\" height=\"215\" srcset=\"https:\/\/aquileoparra.com\/pacho\/wp-content\/uploads\/2023\/03\/PERSONERO.png 229w, https:\/\/aquileoparra.com\/pacho\/wp-content\/uploads\/2023\/03\/PERSONERO-217x300.png 217w\" sizes=\"auto, (max-width: 156px) 100vw, 156px\" \/><\/a><em><strong>HERNANDEZ FRESNEDA JULIAN DAVID<\/strong><\/em><\/h4>\n<p style=\"text-align: center;\"><em><strong>PERSONERO 2023\u00a0\u00a0<\/strong><\/em><\/p>\n<h1 style=\"text-align: center;\"><em><strong><img loading=\"lazy\" decoding=\"async\" class=\"aligncenter size-full wp-image-1499\" src=\"https:\/\/aquileoparra.com\/pacho\/wp-content\/uploads\/2018\/01\/DSCN9487.jpg\" alt=\"\" width=\"180\" height=\"196\" \/><\/strong><\/em><\/h1>\n<p style=\"text-align: center;\"><strong>DEISY LORENA CANO VEGA<\/strong><\/p>\n<p><img loading=\"lazy\" decoding=\"async\" class=\"aligncenter size-full wp-image-142\" src=\"https:\/\/aquileoparra.com\/pacho\/wp-content\/uploads\/2012\/05\/MOYANOO.jpg\" alt=\"MOYANOO\" width=\"208\" height=\"223\" \/><\/p>\n<p>&nbsp;<\/p>\n<p><img loading=\"lazy\" decoding=\"async\" class=\"aligncenter wp-image-401\" src=\"https:\/\/aquileoparra.com\/pacho\/wp-content\/uploads\/2015\/02\/CESAR_MORALES.png\" alt=\"CESAR MORALES\" width=\"159\" height=\"188\" \/><\/p>\n<p>&nbsp;<\/p>\n<p><img loading=\"lazy\" decoding=\"async\" class=\"aligncenter wp-image-317\" src=\"https:\/\/aquileoparra.com\/pacho\/wp-content\/uploads\/2014\/02\/HERRERA.png\" alt=\"HERRERA\" width=\"151\" height=\"165\" \/><\/p>\n<p>&nbsp;<\/p>\n","protected":false},"excerpt":{"rendered":"<div class=\"mh-excerpt\"><p>PERSONERO ESTUDIANTIL DAVID SANTIAGO MARTIN GOMEZ Art\u00edculo 33\u00ba El Personero(a) de los Estudiantes. (Ley 115 de 1994, Art\u00edculo 94 y Decreto 1860 de 1994, Art\u00edculo <a class=\"mh-excerpt-more\" href=\"https:\/\/aquileoparra.com\/pacho\/personeria\/\" title=\"Personer\u00eda\">[&#8230;]<\/a><\/p>\n<\/div>","protected":false},"author":1,"featured_media":0,"parent":0,"menu_order":0,"comment_status":"closed","ping_status":"closed","template":"","meta":{"footnotes":""},"class_list":["post-1587","page","type-page","status-publish","hentry"],"_links":{"self":[{"href":"https:\/\/aquileoparra.com\/pacho\/wp-json\/wp\/v2\/pages\/1587","targetHints":{"allow":["GET"]}}],"collection":[{"href":"https:\/\/aquileoparra.com\/pacho\/wp-json\/wp\/v2\/pages"}],"about":[{"href":"https:\/\/aquileoparra.com\/pacho\/wp-json\/wp\/v2\/types\/page"}],"author":[{"embeddable":true,"href":"https:\/\/aquileoparra.com\/pacho\/wp-json\/wp\/v2\/users\/1"}],"replies":[{"embeddable":true,"href":"https:\/\/aquileoparra.com\/pacho\/wp-json\/wp\/v2\/comments?post=1587"}],"version-history":[{"count":11,"href":"https:\/\/aquileoparra.com\/pacho\/wp-json\/wp\/v2\/pages\/1587\/revisions"}],"predecessor-version":[{"id":3927,"href":"https:\/\/aquileoparra.com\/pacho\/wp-json\/wp\/v2\/pages\/1587\/revisions\/3927"}],"wp:attachment":[{"href":"https:\/\/aquileoparra.com\/pacho\/wp-json\/wp\/v2\/media?parent=1587"}],"curies":[{"name":"wp","href":"https:\/\/api.w.org\/{rel}","templated":true}]}}