{"id":1590,"date":"2018-02-28T00:14:22","date_gmt":"2018-02-28T00:14:22","guid":{"rendered":"https:\/\/aquileoparra.com\/pacho\/?page_id=1590"},"modified":"2023-03-22T16:45:13","modified_gmt":"2023-03-22T16:45:13","slug":"contraloria","status":"publish","type":"page","link":"https:\/\/aquileoparra.com\/pacho\/contraloria\/","title":{"rendered":"Contralor\u00eda"},"content":{"rendered":"<h1 style=\"text-align: center;\"><strong>CONTRALOR ESCOLAR<\/strong><\/h1>\n<p style=\"text-align: center;\"><a href=\"https:\/\/aquileoparra.com\/pacho\/wp-content\/uploads\/2023\/03\/CONTRALORA.png\"><img loading=\"lazy\" decoding=\"async\" class=\"aligncenter size-full wp-image-3360\" src=\"https:\/\/aquileoparra.com\/pacho\/wp-content\/uploads\/2023\/03\/CONTRALORA.png\" alt=\"\" width=\"218\" height=\"313\" srcset=\"https:\/\/aquileoparra.com\/pacho\/wp-content\/uploads\/2023\/03\/CONTRALORA.png 218w, https:\/\/aquileoparra.com\/pacho\/wp-content\/uploads\/2023\/03\/CONTRALORA-209x300.png 209w\" sizes=\"auto, (max-width: 218px) 100vw, 218px\" \/><\/a><em>GONZ\u00c1LEZ RODR\u00cdGUEZ LAURA SOF\u00cdA\u00a0 <\/em><\/p>\n<p style=\"text-align: center;\"><em>\u00a0<\/em><em>CONTRALORA 2023<\/em><\/p>\n<hr \/>\n<p><em><strong>Art\u00edculo 36\u00ba<\/strong> El Contralor de los estudiantes Ser\u00e1 un estudiante que se encuentre debidamente matriculado en la Instituci\u00f3n Educativa, que curse el grado d\u00e9cimo o und\u00e9cimo del nivel de Educaci\u00f3n media, o de grado noveno o quinto en caso de que la Instituci\u00f3n Educativa s\u00f3lo ofrezca hasta el nivel de educaci\u00f3n b\u00e1sica, elegido democr\u00e1ticamente por los estudiantes matriculados. Es requisito para ser candidato a Contralor Escolar presentar un Plan de Trabajo.<\/em><br \/>\n<em>Ser\u00e1 electo seg\u00fan la Ordenanza de la Asamblea Departamental de Cundinamarca No. 182 de 2013.<\/em><br \/>\n<em>Son objetivos de la Contralor\u00eda Escolar:<\/em><br \/>\n<em>1. Incrementar las competencias de los estamentos estudiantiles en el ejercicio del Control social sobre la gesti\u00f3n de recursos destinados a la educaci\u00f3n.<\/em><br \/>\n<em>2. Lograr el reconocimiento de los j\u00f3venes como actores de la cultura pol\u00edtica, c\u00edvica, social y en el<\/em><br \/>\n<em>ejercicio del control fiscal.<\/em><br \/>\n<em>3. Contribuir a la eficacia de la transparencia en la gesti\u00f3n educativa en el manejo de los recursos<\/em><br \/>\n<em>p\u00fablicos.<\/em><br \/>\n<em>4. Generar una cultura participativa e incluyente no s\u00f3lo en la gesti\u00f3n educativa sino en los temas de control fiscal del municipio.<\/em><br \/>\n<em>Par\u00e1grafo 1: La responsabilidad del Contralor Escolar es incompatible con la del Personero Estudiantil y con la del Representante de los Estudiantes ante el Consejo Directivo.<\/em><\/p>\n<p><em><strong>Art\u00edculo 37<\/strong>\u00b0 Funciones del Contralor Estudiantil.<\/em><br \/>\n<em>La Contralor\u00eda Escolar tiene las siguientes funciones y atribuciones:<\/em><br \/>\n<em>1. Contribuir a la creaci\u00f3n de la cultura del Control Fiscal, del buen uso y manejo de los recursos p\u00fablicos y bienes de la Instituci\u00f3n Educativa y de los proyectos del Municipio.<\/em><br \/>\n<em>2. Vincular a los estudiantes en el desarrollo de las tareas que corresponden a la Contralor\u00eda Escolar, con el fin de generar una mayor cultura y conocimiento del ejercicio del Control Fiscal que compete a las contralor\u00edas, en el quehacer de cada Instituci\u00f3n Educativa, para velar por la gesti\u00f3n y los resultados de la inversi\u00f3n p\u00fablica en los proyectos de su Entidad.<\/em><br \/>\n<em>3. Velar para que los proyectos ejecutados por las diferentes Secretar\u00edas del Municipio y sus entidades descentralizadas en la Instituci\u00f3n Educativa o en el entorno de \u00e9sta, satisfagan los objetivos inicialmente previstos.<\/em><br \/>\n<em>4. Velar porque la disposici\u00f3n, administraci\u00f3n y manejo del Fondo de Servicio Educativo, Restaurante Escolar, Tienda Escolar, Proyectos del Presupuesto Participativo, Proyectos del Municipio en su respectiva Instituci\u00f3n Educativa y su entorno, tengan resultados satisfactorios frente a las necesidades inicialmente establecidas.<\/em><br \/>\n<em>5. Velar porque los procesos de contrataci\u00f3n que realice la Instituci\u00f3n Educativa, contribuyan al<\/em><br \/>\n<em>mejoramiento de la calidad de vida de los educandos y educadores.<\/em><br \/>\n<em>6. Conocer el Proyecto Educativo Institucional (PEI), el Manual de Convivencia, el presupuesto y el plan de compras de la Instituci\u00f3n Educativa.<\/em><br \/>\n<em>7. Presentar a la Contralor\u00eda General Departamental los resultados de las evaluaciones realizadas a los diferentes procesos y proyectos de la instituci\u00f3n, para que \u00e9sta defina si es procedente o no<\/em><br \/>\n<em>determinar la existencia de un hecho fiscal.<\/em><br \/>\n<em>8. Presentar a la comunidad educativa los resultados de su gesti\u00f3n previa verificaci\u00f3n de la Contralor\u00eda General Departamental.<\/em><br \/>\n<em>9. Liderar la Contralor\u00eda Escolar en la respectiva Instituci\u00f3n Educativa.<\/em><br \/>\n<em>10. Ser vocero de la Contralor\u00eda Escolar ante la comunidad educativa.<\/em><br \/>\n<em>11. Convocar a los integrantes de la Contralor\u00eda Escolar a una reuni\u00f3n ordinaria cada dos meses o<\/em><br \/>\n<em>extraordinaria cuando sea necesario.<\/em><br \/>\n<em>12. Representar la Contralor\u00eda Escolar ante la Red de Contralores Escolares.<\/em><br \/>\n<em>13. Representar la Contralor\u00eda Escolar ante la Contralor\u00eda General Departamental.<\/em><br \/>\n<em>14. Solicitar a la Contralor\u00eda General Departamental que realice las verificaciones que se consideren necesarias frente a las actuaciones de los gestores fiscales, a fin de que \u00e9sta determine si es procedente o no adelantar alguna acci\u00f3n de control fiscal.<\/em><br \/>\n<em>15. Solicitar a la Contralor\u00eda General Departamental las capacitaciones que estime necesarias para el adecuado desarrollo de las funciones que corresponden a la Contralor\u00eda Escolar.<\/em><br \/>\n<em>16. Verificar la publicaci\u00f3n en lugar visible los informes de ejecuci\u00f3n presupuestal de ingresos y gastos de los Fondos de Servicios Educativos<\/em><br \/>\n<em>17. Verificar que el Rector o Director Rural publique semestralmente en cartelera las contrataciones que se haya celebrado con cargo a los Fondos de Servicios Educativos en la vigencia fiscal y la poblaci\u00f3n beneficiada a trav\u00e9s de los programas de gratuidad y derechos acad\u00e9micos y complementarios, restaurantes escolares, fondo de protecci\u00f3n escolar, Proyecto Pedag\u00f3gico y otros proyectos que tenga la Instituci\u00f3n Educativa.<\/em><br \/>\n<em>18. Promover la comunicaci\u00f3n en la comunidad educativa de las obras f\u00edsicas que se van a realizar y el seguimiento para que las mismas se entreguen con la calidad requerida y con las necesidades de la poblaci\u00f3n escolar.<\/em><br \/>\n<em>19. Solicitar al Rector la publicaci\u00f3n en lugar visible la Resoluci\u00f3n del Ministerio de Educaci\u00f3n Nacional, sobre la asignaci\u00f3n de recursos de gratuidad provenientes para estudiantes Sisb\u00e9n 1y 2, as\u00ed como la destinaci\u00f3n que se le da en el presupuesto de gastos seg\u00fan la aprobaci\u00f3n del Consejo Directivo.<\/em><br \/>\n<em>20. Solicitar al Rector la publicaci\u00f3n en lugar visible el Decreto de transferencia municipal de recursos por concepto de gratuidad para los niveles de Sisb\u00e9n 1,2 y 3 y los recursos adicionales por concepto de estudiantes de media t\u00e9cnica.<\/em><br \/>\n<em>Par\u00e1grafo 1: En ausencia permanente del Contralor Escolar, corresponde al grupo de apoyo, designar entre ellos, un estudiante que re\u00fana las calidades exigidas para el reemplazo, hasta terminar el periodo para el cual fue elegido el Contralor saliente.<\/em><\/p>\n<p>&nbsp;<\/p>\n<h2 style=\"text-align: center;\"><strong>EXCONTRALORES\u00a0<\/strong><\/h2>\n<p><img loading=\"lazy\" decoding=\"async\" class=\"aligncenter size-full wp-image-1501\" src=\"https:\/\/aquileoparra.com\/pacho\/wp-content\/uploads\/2018\/01\/DSCN9491.jpg\" alt=\"\" width=\"180\" height=\"210\" \/><\/p>\n<p style=\"text-align: center;\"><em><strong>GARNICA CONTRERAS WENDY VANESSA<\/strong><\/em><\/p>\n","protected":false},"excerpt":{"rendered":"<div class=\"mh-excerpt\"><p>CONTRALOR ESCOLAR GONZ\u00c1LEZ RODR\u00cdGUEZ LAURA SOF\u00cdA\u00a0 \u00a0CONTRALORA 2023 Art\u00edculo 36\u00ba El Contralor de los estudiantes Ser\u00e1 un estudiante que se encuentre debidamente matriculado en la <a class=\"mh-excerpt-more\" href=\"https:\/\/aquileoparra.com\/pacho\/contraloria\/\" title=\"Contralor\u00eda\">[&#8230;]<\/a><\/p>\n<\/div>","protected":false},"author":1,"featured_media":0,"parent":0,"menu_order":0,"comment_status":"closed","ping_status":"closed","template":"","meta":{"footnotes":""},"class_list":["post-1590","page","type-page","status-publish","hentry"],"_links":{"self":[{"href":"https:\/\/aquileoparra.com\/pacho\/wp-json\/wp\/v2\/pages\/1590","targetHints":{"allow":["GET"]}}],"collection":[{"href":"https:\/\/aquileoparra.com\/pacho\/wp-json\/wp\/v2\/pages"}],"about":[{"href":"https:\/\/aquileoparra.com\/pacho\/wp-json\/wp\/v2\/types\/page"}],"author":[{"embeddable":true,"href":"https:\/\/aquileoparra.com\/pacho\/wp-json\/wp\/v2\/users\/1"}],"replies":[{"embeddable":true,"href":"https:\/\/aquileoparra.com\/pacho\/wp-json\/wp\/v2\/comments?post=1590"}],"version-history":[{"count":6,"href":"https:\/\/aquileoparra.com\/pacho\/wp-json\/wp\/v2\/pages\/1590\/revisions"}],"predecessor-version":[{"id":3370,"href":"https:\/\/aquileoparra.com\/pacho\/wp-json\/wp\/v2\/pages\/1590\/revisions\/3370"}],"wp:attachment":[{"href":"https:\/\/aquileoparra.com\/pacho\/wp-json\/wp\/v2\/media?parent=1590"}],"curies":[{"name":"wp","href":"https:\/\/api.w.org\/{rel}","templated":true}]}}