{"id":1660,"date":"2018-03-06T02:23:20","date_gmt":"2018-03-06T02:23:20","guid":{"rendered":"https:\/\/aquileoparra.com\/pacho\/?page_id=1660"},"modified":"2018-03-23T10:56:05","modified_gmt":"2018-03-23T10:56:05","slug":"pei","status":"publish","type":"page","link":"https:\/\/aquileoparra.com\/pacho\/pei\/","title":{"rendered":"PEI"},"content":{"rendered":"<h2 style=\"text-align: center;\">INSTITUCI\u00d3N EDUCATIVA AQUILEO PARRA<\/h2>\n<h3 class=\"entry-title mh-loop-title\" style=\"text-align: center;\">\u00a0<a href=\"\/documentos\/pei.pdf\">P.E.I<\/a><\/h3>\n<p style=\"text-align: center;\"><a href=\"\/documentos\/manual.pdf\">MANUAL DE CONVIVENCIA<\/a><\/p>\n<p style=\"text-align: center;\"><a href=\"\/DOCUMENTOS\/SIEAQUILEO.PDF\">SISTEMA DE EVALUACI\u00d3N INSTITUCIONAL\u00a0 S.I.E<\/a><\/p>\n<hr \/>\n<h3 class=\"entry-title mh-loop-title\" style=\"text-align: center;\">\u00a0PLAN DE ESTUDIOS\u00a0 2018 POR \u00c1REAS<\/h3>\n<hr \/>\n<p style=\"text-align: center;\"><a href=\"\/documentos\/humanidades.pdf\">HUMANIDADES<\/a><\/p>\n<p style=\"text-align: center;\"><a href=\"\/documentos\/ciencias.pdf\">CIENCIAS<\/a><\/p>\n<p style=\"text-align: center;\">CIENCIAS SOCIALES<\/p>\n<p style=\"text-align: center;\">MATEM\u00c1TICAS<\/p>\n<p style=\"text-align: center;\"><a href=\"\/documentos\/tecnologia.pdf\">INFORM\u00c1TICA Y TECNOLOG\u00cdA<\/a><\/p>\n<p style=\"text-align: center;\">RELIGI\u00d3N<\/p>\n<p>&nbsp;<\/p>\n","protected":false},"excerpt":{"rendered":"<div class=\"mh-excerpt\"><p>INSTITUCI\u00d3N EDUCATIVA AQUILEO PARRA \u00a0P.E.I MANUAL DE CONVIVENCIA SISTEMA DE EVALUACI\u00d3N INSTITUCIONAL\u00a0 S.I.E \u00a0PLAN DE ESTUDIOS\u00a0 2018 POR \u00c1REAS HUMANIDADES CIENCIAS CIENCIAS SOCIALES MATEM\u00c1TICAS INFORM\u00c1TICA <a class=\"mh-excerpt-more\" href=\"https:\/\/aquileoparra.com\/pacho\/pei\/\" title=\"PEI\">[&#8230;]<\/a><\/p>\n<\/div>","protected":false},"author":1,"featured_media":0,"parent":0,"menu_order":0,"comment_status":"closed","ping_status":"closed","template":"","meta":{"footnotes":""},"class_list":["post-1660","page","type-page","status-publish","hentry"],"_links":{"self":[{"href":"https:\/\/aquileoparra.com\/pacho\/wp-json\/wp\/v2\/pages\/1660","targetHints":{"allow":["GET"]}}],"collection":[{"href":"https:\/\/aquileoparra.com\/pacho\/wp-json\/wp\/v2\/pages"}],"about":[{"href":"https:\/\/aquileoparra.com\/pacho\/wp-json\/wp\/v2\/types\/page"}],"author":[{"embeddable":true,"href":"https:\/\/aquileoparra.com\/pacho\/wp-json\/wp\/v2\/users\/1"}],"replies":[{"embeddable":true,"href":"https:\/\/aquileoparra.com\/pacho\/wp-json\/wp\/v2\/comments?post=1660"}],"version-history":[{"count":13,"href":"https:\/\/aquileoparra.com\/pacho\/wp-json\/wp\/v2\/pages\/1660\/revisions"}],"predecessor-version":[{"id":1714,"href":"https:\/\/aquileoparra.com\/pacho\/wp-json\/wp\/v2\/pages\/1660\/revisions\/1714"}],"wp:attachment":[{"href":"https:\/\/aquileoparra.com\/pacho\/wp-json\/wp\/v2\/media?parent=1660"}],"curies":[{"name":"wp","href":"https:\/\/api.w.org\/{rel}","templated":true}]}}