{"id":2520,"date":"2022-02-24T13:55:24","date_gmt":"2022-02-24T13:55:24","guid":{"rendered":"https:\/\/aquileoparra.com\/pacho\/?page_id=2520"},"modified":"2022-02-25T00:27:00","modified_gmt":"2022-02-25T00:27:00","slug":"consejo-de-convivencia","status":"publish","type":"page","link":"https:\/\/aquileoparra.com\/pacho\/consejo-de-convivencia\/","title":{"rendered":"CONSEJO DE CONVIVENCIA"},"content":{"rendered":"<div class=\"page-header\">\n<div class=\"container\">\n<h1 class=\"page-title\" style=\"text-align: center;\">COMIT\u00c9 DE CONVIVENCIA<\/h1>\n<\/div>\n<\/div>\n<div id=\"acc-content\">\n<div id=\"content\" class=\"site-content\">\n<div class=\"container\">\n<div class=\"row\">\n<div id=\"primary\" class=\"content-area\">\n<p>&nbsp;<\/p>\n<article id=\"post-760\" class=\"post-760 page type-page status-publish hentry\">\n<div class=\"entry-content\">\n<h3>MINISTERIO DE EDUCACI\u00d3N NACIONAL\u00a0<b>DECRETO<\/b>\u00a0No. Que la Ley\u00a0<b>1620<\/b>\u00a0de 2013, cre\u00f3 el Sistema Nacional de Convivencia Escolar y Formaci\u00f3n para el ejercicio de los Derechos Humanos, la educaci\u00f3n para la sexualidad y la prevenci\u00f3n y mitigaci\u00f3n de la violencia escolar.<\/h3>\n<\/div>\n<h3 class=\"title\" style=\"text-align: center;\"><a href=\"https:\/\/www.colombiaaprende.edu.co\/contenidos\/coleccion\/kit-de-herramientas-para-la-convivencia-escolar\"><span class=\"field field--name-title field--type-string field--label-hidden\">Kit de herramientas y protocolos para la convivencia escolar<\/span><\/a><\/h3>\n<\/article>\n<h3 class=\"LC20lb DKV0Md\" style=\"text-align: center;\"><a href=\"http:\/\/sia3r.mineducacion.gov.co\/seguridad-web-pub\/login.jsf?redirect_uri=redirect_uri&amp;uri=uri&amp;state=state&amp;scope=read_ekycclaims&amp;response_type=code&amp;client_id=42\">Sistema de Informaci\u00f3n Unificado de Convivencia Escolar\u00a0<\/a><\/h3>\n<h2 style=\"text-align: center;\"><strong><a href=\"https:\/\/aquileoparra.com\/pacho\/wp-content\/uploads\/2022\/02\/Ley_1620_de_2013.pdf\">Ley_1620_de_2013<\/a><\/strong><\/h2>\n<h2 style=\"text-align: center;\"><strong><a href=\"https:\/\/aquileoparra.com\/pacho\/wp-content\/uploads\/2022\/02\/decreto1965.pdf\">Decreto 1965<\/a><\/strong><\/h2>\n<p>&nbsp;<\/p>\n<\/div>\n<\/div>\n<\/div>\n<\/div>\n<\/div>\n","protected":false},"excerpt":{"rendered":"<div class=\"mh-excerpt\"><p>COMIT\u00c9 DE CONVIVENCIA &nbsp; MINISTERIO DE EDUCACI\u00d3N NACIONAL\u00a0DECRETO\u00a0No. Que la Ley\u00a01620\u00a0de 2013, cre\u00f3 el Sistema Nacional de Convivencia Escolar y Formaci\u00f3n para el ejercicio de <a class=\"mh-excerpt-more\" href=\"https:\/\/aquileoparra.com\/pacho\/consejo-de-convivencia\/\" title=\"CONSEJO DE CONVIVENCIA\">[&#8230;]<\/a><\/p>\n<\/div>","protected":false},"author":1,"featured_media":0,"parent":0,"menu_order":0,"comment_status":"closed","ping_status":"closed","template":"","meta":{"footnotes":""},"class_list":["post-2520","page","type-page","status-publish","hentry"],"_links":{"self":[{"href":"https:\/\/aquileoparra.com\/pacho\/wp-json\/wp\/v2\/pages\/2520","targetHints":{"allow":["GET"]}}],"collection":[{"href":"https:\/\/aquileoparra.com\/pacho\/wp-json\/wp\/v2\/pages"}],"about":[{"href":"https:\/\/aquileoparra.com\/pacho\/wp-json\/wp\/v2\/types\/page"}],"author":[{"embeddable":true,"href":"https:\/\/aquileoparra.com\/pacho\/wp-json\/wp\/v2\/users\/1"}],"replies":[{"embeddable":true,"href":"https:\/\/aquileoparra.com\/pacho\/wp-json\/wp\/v2\/comments?post=2520"}],"version-history":[{"count":5,"href":"https:\/\/aquileoparra.com\/pacho\/wp-json\/wp\/v2\/pages\/2520\/revisions"}],"predecessor-version":[{"id":2531,"href":"https:\/\/aquileoparra.com\/pacho\/wp-json\/wp\/v2\/pages\/2520\/revisions\/2531"}],"wp:attachment":[{"href":"https:\/\/aquileoparra.com\/pacho\/wp-json\/wp\/v2\/media?parent=2520"}],"curies":[{"name":"wp","href":"https:\/\/api.w.org\/{rel}","templated":true}]}}